{"id":36,"date":"2021-01-09T17:54:41","date_gmt":"2021-01-09T16:54:41","guid":{"rendered":"https:\/\/4jv.de\/foodblog\/wordpress\/?page_id=36"},"modified":"2022-04-25T15:56:17","modified_gmt":"2022-04-25T13:56:17","slug":"zufaelliges-rezept","status":"publish","type":"page","link":"https:\/\/archiv.aljosha.eu\/foodblog\/zufaelliges-rezept\/","title":{"rendered":"Zuf\u00e4lliges Gericht"},"content":{"rendered":"\n<h2 class=\"wp-block-heading\"><a href=\"https:\/\/food.aljosha.eu?redirect_to=random\">zuf\u00e4lliges Gericht<\/a><\/h2>\n\n\n\n<h2 class=\"wp-block-heading\"><a href=\"https:\/\/food.aljosha.eu?redirect_to=random&amp;cat=4,11\">zuf\u00e4lliges vegetarisches Gericht<\/a><\/h2>\n\n\n\n<h2 class=\"wp-block-heading\"><a href=\"https:\/\/food.aljosha.eu?redirect_to=random&amp;cat=4\">zuf\u00e4lliges veganes Gericht<\/a><\/h2>\n\n\n\n<h2 class=\"wp-block-heading\"><a href=\"https:\/\/food.aljosha.eu?redirect_to=random&amp;cat=16\">zuf\u00e4lliges schnelles &amp; einfaches Gericht<\/a><\/h2>\n\n\n\n<p><\/p>\n","protected":false},"excerpt":{"rendered":"<p>zuf\u00e4lliges Gericht zuf\u00e4lliges vegetarisches Gericht zuf\u00e4lliges veganes Gericht zuf\u00e4lliges schnelles &amp; einfaches Gericht<\/p>\n","protected":false},"author":1,"featured_media":0,"parent":0,"menu_order":0,"comment_status":"closed","ping_status":"closed","template":"","meta":{"footnotes":""},"class_list":["post-36","page","type-page","status-publish","hentry","latest_post"],"_links":{"self":[{"href":"https:\/\/archiv.aljosha.eu\/foodblog\/wp-json\/wp\/v2\/pages\/36","targetHints":{"allow":["GET"]}}],"collection":[{"href":"https:\/\/archiv.aljosha.eu\/foodblog\/wp-json\/wp\/v2\/pages"}],"about":[{"href":"https:\/\/archiv.aljosha.eu\/foodblog\/wp-json\/wp\/v2\/types\/page"}],"author":[{"embeddable":true,"href":"https:\/\/archiv.aljosha.eu\/foodblog\/wp-json\/wp\/v2\/users\/1"}],"replies":[{"embeddable":true,"href":"https:\/\/archiv.aljosha.eu\/foodblog\/wp-json\/wp\/v2\/comments?post=36"}],"version-history":[{"count":11,"href":"https:\/\/archiv.aljosha.eu\/foodblog\/wp-json\/wp\/v2\/pages\/36\/revisions"}],"predecessor-version":[{"id":226,"href":"https:\/\/archiv.aljosha.eu\/foodblog\/wp-json\/wp\/v2\/pages\/36\/revisions\/226"}],"wp:attachment":[{"href":"https:\/\/archiv.aljosha.eu\/foodblog\/wp-json\/wp\/v2\/media?parent=36"}],"curies":[{"name":"wp","href":"https:\/\/api.w.org\/{rel}","templated":true}]}}